{"id":9917,"date":"2024-11-19T14:57:15","date_gmt":"2024-11-19T10:57:15","guid":{"rendered":"https:\/\/www.firstep.az\/?page_id=9917"},"modified":"2024-12-01T00:48:41","modified_gmt":"2024-11-30T20:48:41","slug":"refund-policy","status":"publish","type":"page","link":"https:\/\/www.firstep.az\/tr\/refund-policy\/","title":{"rendered":"Geri \u00d6deme Ko\u015fullar\u0131"},"content":{"rendered":"<div data-elementor-type=\"wp-page\" data-elementor-id=\"9917\" class=\"elementor elementor-9917\">\n\t\t\t\t\t\t<section class=\"elementor-section elementor-top-section elementor-element elementor-element-300797c6 elementor-section-boxed elementor-section-height-default elementor-section-height-default sc_fly_static\" data-id=\"300797c6\" data-element_type=\"section\" data-e-type=\"section\" data-settings=\"{&quot;background_background&quot;:&quot;classic&quot;}\">\n\t\t\t\t\t\t<div class=\"elementor-container elementor-column-gap-extended\">\n\t\t\t\t\t<div class=\"elementor-column elementor-col-100 elementor-top-column elementor-element elementor-element-4e2dafff sc_content_align_inherit sc_layouts_column_icons_position_left sc_fly_static\" data-id=\"4e2dafff\" data-element_type=\"column\" data-e-type=\"column\">\n\t\t\t<div class=\"elementor-widget-wrap elementor-element-populated\">\n\t\t\t\t\t\t<div class=\"elementor-element elementor-element-311889b7 sc_fly_static elementor-widget elementor-widget-text-editor\" data-id=\"311889b7\" data-element_type=\"widget\" data-e-type=\"widget\" data-widget_type=\"text-editor.default\">\n\t\t\t\t<div class=\"elementor-widget-container\">\n\t\t\t\t\t\t\t\t\t<h2 data-pm-slice=\"1 3 []\">1. Rezervasyon \u0130ptali<\/h2><ul data-spread=\"false\"><li><p>Rezervasyonlar servis sa\u011flay\u0131c\u0131n\u0131n politikalar\u0131na g\u00f6re iptal edilebilir.<\/p><\/li><li><p>\u0130ptal ko\u015fullar\u0131 rezervasyon s\u0131ras\u0131nda sa\u011flan\u0131r ve kabul edilir.<\/p><\/li><\/ul><p>\u00a0<\/p>\t\t\t\t\t\t\t\t<\/div>\n\t\t\t\t<\/div>\n\t\t\t\t\t<\/div>\n\t\t<\/div>\n\t\t\t\t\t<\/div>\n\t\t<\/section>\n\t\t\t\t<section class=\"elementor-section elementor-top-section elementor-element elementor-element-3f8f862a elementor-section-boxed elementor-section-height-default elementor-section-height-default sc_fly_static\" data-id=\"3f8f862a\" data-element_type=\"section\" data-e-type=\"section\" data-settings=\"{&quot;background_background&quot;:&quot;classic&quot;}\">\n\t\t\t\t\t\t<div class=\"elementor-container elementor-column-gap-extended\">\n\t\t\t\t\t<div class=\"elementor-column elementor-col-100 elementor-top-column elementor-element elementor-element-a40e2f7 sc_content_align_inherit sc_layouts_column_icons_position_left sc_fly_static\" data-id=\"a40e2f7\" data-element_type=\"column\" data-e-type=\"column\">\n\t\t\t<div class=\"elementor-widget-wrap elementor-element-populated\">\n\t\t\t\t\t\t<div class=\"elementor-element elementor-element-b424f17 sc_fly_static elementor-widget elementor-widget-text-editor\" data-id=\"b424f17\" data-element_type=\"widget\" data-e-type=\"widget\" data-widget_type=\"text-editor.default\">\n\t\t\t\t<div class=\"elementor-widget-container\">\n\t\t\t\t\t\t\t\t\t<h2 data-pm-slice=\"1 1 []\">2. Geri \u00f6demeler<\/h2><ul data-spread=\"false\"><li><p>\u0130ptal politikas\u0131na ba\u011fl\u0131 olarak baz\u0131 durumlarda para iadesi m\u00fcmk\u00fcnd\u00fcr.<\/p><\/li><li><p>K\u0131smi veya tam para iadeleri, hizmet sa\u011flay\u0131c\u0131n\u0131n \u015fart ve ko\u015fullar\u0131na tabidir.<\/p><\/li><li><p>\u0130ade i\u015flemleri 7-14 i\u015f g\u00fcn\u00fc i\u00e7erisinde tamamlan\u0131r.<\/p><\/li><\/ul><p>\u00a0<\/p>\t\t\t\t\t\t\t\t<\/div>\n\t\t\t\t<\/div>\n\t\t\t\t\t<\/div>\n\t\t<\/div>\n\t\t\t\t\t<\/div>\n\t\t<\/section>\n\t\t\t\t<section class=\"elementor-section elementor-top-section elementor-element elementor-element-34705464 elementor-section-boxed elementor-section-height-default elementor-section-height-default sc_fly_static\" data-id=\"34705464\" data-element_type=\"section\" data-e-type=\"section\" data-settings=\"{&quot;background_background&quot;:&quot;classic&quot;}\">\n\t\t\t\t\t\t<div class=\"elementor-container elementor-column-gap-extended\">\n\t\t\t\t\t<div class=\"elementor-column elementor-col-100 elementor-top-column elementor-element elementor-element-18a924ac sc_content_align_inherit sc_layouts_column_icons_position_left sc_fly_static\" data-id=\"18a924ac\" data-element_type=\"column\" data-e-type=\"column\">\n\t\t\t<div class=\"elementor-widget-wrap elementor-element-populated\">\n\t\t\t\t\t\t<div class=\"elementor-element elementor-element-43d90451 sc_fly_static elementor-widget elementor-widget-text-editor\" data-id=\"43d90451\" data-element_type=\"widget\" data-e-type=\"widget\" data-widget_type=\"text-editor.default\">\n\t\t\t\t<div class=\"elementor-widget-container\">\n\t\t\t\t\t\t\t\t\t<h2 data-pm-slice=\"1 1 []\">3. \u015eikayet ve Sorular<\/h2><ul data-spread=\"false\"><li><p>Herhangi bir sorunla kar\u015f\u0131la\u015f\u0131rsan\u0131z l\u00fctfen m\u00fc\u015fteri hizmetleriyle ileti\u015fime ge\u00e7in.<\/p><\/li><li><p>\u015eikayetiniz 14 i\u015f g\u00fcn\u00fc i\u00e7erisinde incelenecek ve yan\u0131tlanacakt\u0131r.<\/p><\/li><\/ul>\t\t\t\t\t\t\t\t<\/div>\n\t\t\t\t<\/div>\n\t\t\t\t\t<\/div>\n\t\t<\/div>\n\t\t\t\t\t<\/div>\n\t\t<\/section>\n\t\t\t\t<\/div>","protected":false},"excerpt":{"rendered":"<p>1. Rezervasiya L\u0259\u011fvi Rezervasiyalar xidm\u0259t t\u0259minat\u00e7\u0131s\u0131n\u0131n qaydalar\u0131na \u0259sas\u0259n l\u0259\u011fv edil\u0259 bil\u0259r. L\u0259\u011fv \u015f\u0259rtl\u0259ri rezervasiya zaman\u0131 t\u0259qdim edilir v\u0259 q\u0259bul edilir. \u00a0 2. Geri \u00d6d\u0259ni\u015fl\u0259r L\u0259\u011fv siyas\u0259tin\u0259 uy\u011fun olaraq, b\u0259zi hallarda geri \u00f6d\u0259ni\u015f&hellip;<\/p>","protected":false},"author":1,"featured_media":0,"parent":0,"menu_order":0,"comment_status":"closed","ping_status":"closed","template":"","meta":{"footnotes":""},"class_list":["post-9917","page","type-page","status-publish","hentry"],"yoast_head":"<!-- This site is optimized with the Yoast SEO Premium plugin v26.7 (Yoast SEO v27.3) - https:\/\/yoast.com\/product\/yoast-seo-premium-wordpress\/ -->\n<title>Geriqaytarma \u015e\u0259rtl\u0259ri - First Step Turizm<\/title>\n<meta name=\"description\" content=\"\u015e\u0259xsi m\u0259lumatlar\u0131n\u0131z\u0131n toplanmas\u0131, istifad\u0259si v\u0259 qorunmas\u0131 il\u0259 ba\u011fl\u0131 b\u00fct\u00fcn detallar\u0131 \u00f6yr\u0259nm\u0259k \u00fc\u00e7\u00fcn Gizlilik Siyas\u0259timizi oxuyun.\" \/>\n<meta name=\"robots\" content=\"index, follow, max-snippet:-1, max-image-preview:large, max-video-preview:-1\" \/>\n<link rel=\"canonical\" href=\"https:\/\/www.firstep.az\/tr\/refund-policy\/\" \/>\n<meta property=\"og:locale\" content=\"tr_TR\" \/>\n<meta property=\"og:type\" content=\"article\" \/>\n<meta property=\"og:title\" content=\"Geriqaytarma \u015e\u0259rtl\u0259ri\" \/>\n<meta property=\"og:description\" content=\"\u015e\u0259xsi m\u0259lumatlar\u0131n\u0131z\u0131n toplanmas\u0131, istifad\u0259si v\u0259 qorunmas\u0131 il\u0259 ba\u011fl\u0131 b\u00fct\u00fcn detallar\u0131 \u00f6yr\u0259nm\u0259k \u00fc\u00e7\u00fcn Gizlilik Siyas\u0259timizi oxuyun.\" \/>\n<meta property=\"og:url\" content=\"https:\/\/www.firstep.az\/tr\/refund-policy\/\" \/>\n<meta property=\"og:site_name\" content=\"First Step Turizm\" \/>\n<meta property=\"article:publisher\" content=\"https:\/\/www.facebook.com\/firsteptourism\/\" \/>\n<meta property=\"article:modified_time\" content=\"2024-11-30T20:48:41+00:00\" \/>\n<meta property=\"og:image\" content=\"https:\/\/www.firstep.az\/wp-content\/uploads\/2024\/07\/logo-colorized.png\" \/>\n\t<meta property=\"og:image:width\" content=\"396\" \/>\n\t<meta property=\"og:image:height\" content=\"96\" \/>\n\t<meta property=\"og:image:type\" content=\"image\/png\" \/>\n<meta name=\"twitter:card\" content=\"summary_large_image\" \/>\n<meta name=\"twitter:site\" content=\"@firsteptourism\" \/>\n<meta name=\"twitter:label1\" content=\"Tahmini okuma s\u00fcresi\" \/>\n\t<meta name=\"twitter:data1\" content=\"1 dakika\" \/>\n<script type=\"application\/ld+json\" class=\"yoast-schema-graph\">{\"@context\":\"https:\\\/\\\/schema.org\",\"@graph\":[{\"@type\":\"WebPage\",\"@id\":\"https:\\\/\\\/www.firstep.az\\\/refund-policy\\\/\",\"url\":\"https:\\\/\\\/www.firstep.az\\\/refund-policy\\\/\",\"name\":\"Geriqaytarma \u015e\u0259rtl\u0259ri - First Step Turizm\",\"isPartOf\":{\"@id\":\"https:\\\/\\\/www.firstep.az\\\/#website\"},\"datePublished\":\"2024-11-19T10:57:15+00:00\",\"dateModified\":\"2024-11-30T20:48:41+00:00\",\"description\":\"\u015e\u0259xsi m\u0259lumatlar\u0131n\u0131z\u0131n toplanmas\u0131, istifad\u0259si v\u0259 qorunmas\u0131 il\u0259 ba\u011fl\u0131 b\u00fct\u00fcn detallar\u0131 \u00f6yr\u0259nm\u0259k \u00fc\u00e7\u00fcn Gizlilik Siyas\u0259timizi oxuyun.\",\"breadcrumb\":{\"@id\":\"https:\\\/\\\/www.firstep.az\\\/refund-policy\\\/#breadcrumb\"},\"inLanguage\":\"tr\",\"potentialAction\":[{\"@type\":\"ReadAction\",\"target\":[\"https:\\\/\\\/www.firstep.az\\\/refund-policy\\\/\"]}]},{\"@type\":\"BreadcrumbList\",\"@id\":\"https:\\\/\\\/www.firstep.az\\\/refund-policy\\\/#breadcrumb\",\"itemListElement\":[{\"@type\":\"ListItem\",\"position\":1,\"name\":\"Home\",\"item\":\"https:\\\/\\\/www.firstep.az\\\/\"},{\"@type\":\"ListItem\",\"position\":2,\"name\":\"Geriqaytarma \u015e\u0259rtl\u0259ri\"}]},{\"@type\":\"WebSite\",\"@id\":\"https:\\\/\\\/www.firstep.az\\\/#website\",\"url\":\"https:\\\/\\\/www.firstep.az\\\/\",\"name\":\"First Step Turizm\",\"description\":\"\u0130lk add\u0131mlar\u0131n\u0131 at\",\"publisher\":{\"@id\":\"https:\\\/\\\/www.firstep.az\\\/#organization\"},\"potentialAction\":[{\"@type\":\"SearchAction\",\"target\":{\"@type\":\"EntryPoint\",\"urlTemplate\":\"https:\\\/\\\/www.firstep.az\\\/?s={search_term_string}\"},\"query-input\":{\"@type\":\"PropertyValueSpecification\",\"valueRequired\":true,\"valueName\":\"search_term_string\"}}],\"inLanguage\":\"tr\"},{\"@type\":\"Organization\",\"@id\":\"https:\\\/\\\/www.firstep.az\\\/#organization\",\"name\":\"First Step Turizm\",\"url\":\"https:\\\/\\\/www.firstep.az\\\/\",\"logo\":{\"@type\":\"ImageObject\",\"inLanguage\":\"tr\",\"@id\":\"https:\\\/\\\/www.firstep.az\\\/#\\\/schema\\\/logo\\\/image\\\/\",\"url\":\"https:\\\/\\\/www.firstep.az\\\/wp-content\\\/uploads\\\/2024\\\/07\\\/fav-rm.png\",\"contentUrl\":\"https:\\\/\\\/www.firstep.az\\\/wp-content\\\/uploads\\\/2024\\\/07\\\/fav-rm.png\",\"width\":500,\"height\":500,\"caption\":\"First Step Turizm\"},\"image\":{\"@id\":\"https:\\\/\\\/www.firstep.az\\\/#\\\/schema\\\/logo\\\/image\\\/\"},\"sameAs\":[\"https:\\\/\\\/www.facebook.com\\\/firsteptourism\\\/\",\"https:\\\/\\\/x.com\\\/firsteptourism\",\"https:\\\/\\\/www.instagram.com\\\/firsteptourism\\\/\",\"https:\\\/\\\/www.linkedin.com\\\/company\\\/firsteptourism\"],\"email\":\"salam@firstep.az\",\"telephone\":\"+994555502470\",\"legalName\":\"First Step Tourism LLC\",\"foundingDate\":\"2019-12-24\",\"numberOfEmployees\":{\"@type\":\"QuantitativeValue\",\"minValue\":\"1\",\"maxValue\":\"10\"}}]}<\/script>\n<!-- \/ Yoast SEO Premium plugin. -->","yoast_head_json":{"title":"Geriqaytarma \u015e\u0259rtl\u0259ri - First Step Turizm","description":"\u015e\u0259xsi m\u0259lumatlar\u0131n\u0131z\u0131n toplanmas\u0131, istifad\u0259si v\u0259 qorunmas\u0131 il\u0259 ba\u011fl\u0131 b\u00fct\u00fcn detallar\u0131 \u00f6yr\u0259nm\u0259k \u00fc\u00e7\u00fcn Gizlilik Siyas\u0259timizi oxuyun.","robots":{"index":"index","follow":"follow","max-snippet":"max-snippet:-1","max-image-preview":"max-image-preview:large","max-video-preview":"max-video-preview:-1"},"canonical":"https:\/\/www.firstep.az\/tr\/refund-policy\/","og_locale":"tr_TR","og_type":"article","og_title":"Geriqaytarma \u015e\u0259rtl\u0259ri","og_description":"\u015e\u0259xsi m\u0259lumatlar\u0131n\u0131z\u0131n toplanmas\u0131, istifad\u0259si v\u0259 qorunmas\u0131 il\u0259 ba\u011fl\u0131 b\u00fct\u00fcn detallar\u0131 \u00f6yr\u0259nm\u0259k \u00fc\u00e7\u00fcn Gizlilik Siyas\u0259timizi oxuyun.","og_url":"https:\/\/www.firstep.az\/tr\/refund-policy\/","og_site_name":"First Step Turizm","article_publisher":"https:\/\/www.facebook.com\/firsteptourism\/","article_modified_time":"2024-11-30T20:48:41+00:00","og_image":[{"width":396,"height":96,"url":"https:\/\/www.firstep.az\/wp-content\/uploads\/2024\/07\/logo-colorized.png","type":"image\/png"}],"twitter_card":"summary_large_image","twitter_site":"@firsteptourism","twitter_misc":{"Tahmini okuma s\u00fcresi":"1 dakika"},"schema":{"@context":"https:\/\/schema.org","@graph":[{"@type":"WebPage","@id":"https:\/\/www.firstep.az\/refund-policy\/","url":"https:\/\/www.firstep.az\/refund-policy\/","name":"Geriqaytarma \u015e\u0259rtl\u0259ri - First Step Turizm","isPartOf":{"@id":"https:\/\/www.firstep.az\/#website"},"datePublished":"2024-11-19T10:57:15+00:00","dateModified":"2024-11-30T20:48:41+00:00","description":"\u015e\u0259xsi m\u0259lumatlar\u0131n\u0131z\u0131n toplanmas\u0131, istifad\u0259si v\u0259 qorunmas\u0131 il\u0259 ba\u011fl\u0131 b\u00fct\u00fcn detallar\u0131 \u00f6yr\u0259nm\u0259k \u00fc\u00e7\u00fcn Gizlilik Siyas\u0259timizi oxuyun.","breadcrumb":{"@id":"https:\/\/www.firstep.az\/refund-policy\/#breadcrumb"},"inLanguage":"tr","potentialAction":[{"@type":"ReadAction","target":["https:\/\/www.firstep.az\/refund-policy\/"]}]},{"@type":"BreadcrumbList","@id":"https:\/\/www.firstep.az\/refund-policy\/#breadcrumb","itemListElement":[{"@type":"ListItem","position":1,"name":"Home","item":"https:\/\/www.firstep.az\/"},{"@type":"ListItem","position":2,"name":"Geriqaytarma \u015e\u0259rtl\u0259ri"}]},{"@type":"WebSite","@id":"https:\/\/www.firstep.az\/#website","url":"https:\/\/www.firstep.az\/","name":"\u0130lk Ad\u0131m Turizm","description":"\u0130lk ad\u0131mlar\u0131n\u0131z\u0131 at\u0131n","publisher":{"@id":"https:\/\/www.firstep.az\/#organization"},"potentialAction":[{"@type":"SearchAction","target":{"@type":"EntryPoint","urlTemplate":"https:\/\/www.firstep.az\/?s={search_term_string}"},"query-input":{"@type":"PropertyValueSpecification","valueRequired":true,"valueName":"search_term_string"}}],"inLanguage":"tr"},{"@type":"Organization","@id":"https:\/\/www.firstep.az\/#organization","name":"\u0130lk Ad\u0131m Turizm","url":"https:\/\/www.firstep.az\/","logo":{"@type":"ImageObject","inLanguage":"tr","@id":"https:\/\/www.firstep.az\/#\/schema\/logo\/image\/","url":"https:\/\/www.firstep.az\/wp-content\/uploads\/2024\/07\/fav-rm.png","contentUrl":"https:\/\/www.firstep.az\/wp-content\/uploads\/2024\/07\/fav-rm.png","width":500,"height":500,"caption":"First Step Turizm"},"image":{"@id":"https:\/\/www.firstep.az\/#\/schema\/logo\/image\/"},"sameAs":["https:\/\/www.facebook.com\/firsteptourism\/","https:\/\/x.com\/firsteptourism","https:\/\/www.instagram.com\/firsteptourism\/","https:\/\/www.linkedin.com\/company\/firsteptourism"],"email":"salam@firstep.az","telephone":"+994555502470","legalName":"First Step Tourism LLC","foundingDate":"2019-12-24","numberOfEmployees":{"@type":"QuantitativeValue","minValue":"1","maxValue":"10"}}]}},"_links":{"self":[{"href":"https:\/\/www.firstep.az\/tr\/wp-json\/wp\/v2\/pages\/9917","targetHints":{"allow":["GET"]}}],"collection":[{"href":"https:\/\/www.firstep.az\/tr\/wp-json\/wp\/v2\/pages"}],"about":[{"href":"https:\/\/www.firstep.az\/tr\/wp-json\/wp\/v2\/types\/page"}],"author":[{"embeddable":true,"href":"https:\/\/www.firstep.az\/tr\/wp-json\/wp\/v2\/users\/1"}],"replies":[{"embeddable":true,"href":"https:\/\/www.firstep.az\/tr\/wp-json\/wp\/v2\/comments?post=9917"}],"version-history":[{"count":10,"href":"https:\/\/www.firstep.az\/tr\/wp-json\/wp\/v2\/pages\/9917\/revisions"}],"predecessor-version":[{"id":10013,"href":"https:\/\/www.firstep.az\/tr\/wp-json\/wp\/v2\/pages\/9917\/revisions\/10013"}],"wp:attachment":[{"href":"https:\/\/www.firstep.az\/tr\/wp-json\/wp\/v2\/media?parent=9917"}],"curies":[{"name":"wp","href":"https:\/\/api.w.org\/{rel}","templated":true}]}}