{"id":217,"date":"2022-12-23T23:02:31","date_gmt":"2022-12-23T23:02:31","guid":{"rendered":"https:\/\/beta.firstep.az\/?page_id=217"},"modified":"2026-01-19T14:40:19","modified_gmt":"2026-01-19T10:40:19","slug":"contact-us","status":"publish","type":"page","link":"https:\/\/www.firstep.az\/fr\/contact-us\/","title":{"rendered":"Contact"},"content":{"rendered":"<div data-elementor-type=\"wp-page\" data-elementor-id=\"217\" class=\"elementor elementor-217\">\n\t\t\t\t\t\t<section class=\"elementor-section elementor-top-section elementor-element elementor-element-3ce7155 elementor-section-boxed elementor-section-height-default elementor-section-height-default sc_fly_static\" data-id=\"3ce7155\" data-element_type=\"section\" data-e-type=\"section\">\n\t\t\t\t\t\t<div class=\"elementor-container elementor-column-gap-extended\">\n\t\t\t\t\t<div class=\"elementor-column elementor-col-100 elementor-top-column elementor-element elementor-element-0fdf137 sc_content_align_inherit sc_layouts_column_icons_position_left sc_fly_static\" data-id=\"0fdf137\" data-element_type=\"column\" data-e-type=\"column\">\n\t\t\t<div class=\"elementor-widget-wrap elementor-element-populated\">\n\t\t\t\t\t\t<div class=\"elementor-element elementor-element-c885e99 sc_fly_static elementor-widget elementor-widget-spacer\" data-id=\"c885e99\" data-element_type=\"widget\" data-e-type=\"widget\" data-widget_type=\"spacer.default\">\n\t\t\t\t<div class=\"elementor-widget-container\">\n\t\t\t\t\t\t\t<div class=\"elementor-spacer\">\n\t\t\t<div class=\"elementor-spacer-inner\"><\/div>\n\t\t<\/div>\n\t\t\t\t\t\t<\/div>\n\t\t\t\t<\/div>\n\t\t\t\t\t<\/div>\n\t\t<\/div>\n\t\t\t\t\t<\/div>\n\t\t<\/section>\n\t\t\t\t<section class=\"elementor-section elementor-top-section elementor-element elementor-element-0b3d49d elementor-section-boxed elementor-section-height-default elementor-section-height-default sc_fly_static\" data-id=\"0b3d49d\" data-element_type=\"section\" data-e-type=\"section\">\n\t\t\t\t\t\t<div class=\"elementor-container elementor-column-gap-extended\">\n\t\t\t\t\t<div class=\"elementor-column elementor-col-50 elementor-top-column elementor-element elementor-element-02be1e4 sc_content_align_inherit sc_layouts_column_icons_position_left sc_fly_static\" data-id=\"02be1e4\" data-element_type=\"column\" data-e-type=\"column\">\n\t\t\t<div class=\"elementor-widget-wrap elementor-element-populated\">\n\t\t\t\t\t\t<div class=\"elementor-element elementor-element-23be322e sc_fly_static elementor-widget elementor-widget-trx_sc_title\" data-id=\"23be322e\" data-element_type=\"widget\" data-e-type=\"widget\" data-widget_type=\"trx_sc_title.default\">\n\t\t\t\t<div class=\"elementor-widget-container\">\n\t\t\t\t\t<div\t\tclass=\"sc_title sc_title_default\" ><span class=\"sc_item_subtitle sc_title_subtitle sc_item_subtitle_above sc_item_title_style_default\">CONTACTEZ-NOUS<\/span><h1 class=\"sc_item_title sc_title_title sc_item_title_style_default sc_item_title_tag\"\n\t\t\t><span class=\"sc_item_title_text\">Avez-vous une question? <br>Contactez-nous maintenant.<\/span><\/h1><div class=\"sc_item_descr sc_title_descr\"><p>Si vous avez des questions sur l&#039;utilisation de nos services, veuillez nous contacter. Notre objectif est que vous trouviez des solutions uniques pour votre voyage.<\/p>\n<\/div><\/div>\t\t\t\t<\/div>\n\t\t\t\t<\/div>\n\t\t\t\t<div class=\"elementor-element elementor-element-4319a8d sc_fly_static elementor-widget elementor-widget-spacer\" data-id=\"4319a8d\" data-element_type=\"widget\" data-e-type=\"widget\" data-widget_type=\"spacer.default\">\n\t\t\t\t<div class=\"elementor-widget-container\">\n\t\t\t\t\t\t\t<div class=\"elementor-spacer\">\n\t\t\t<div class=\"elementor-spacer-inner\"><\/div>\n\t\t<\/div>\n\t\t\t\t\t\t<\/div>\n\t\t\t\t<\/div>\n\t\t\t\t<div class=\"elementor-element elementor-element-329e7b19 sc_fly_static elementor-widget elementor-widget-trx_sc_icons\" data-id=\"329e7b19\" data-element_type=\"widget\" data-e-type=\"widget\" data-widget_type=\"trx_sc_icons.default\">\n\t\t\t\t<div class=\"elementor-widget-container\">\n\t\t\t\t\t<div \tclass=\"sc_icons sc_icons_simple sc_icons_size_small sc_align_none\" ><div class=\"sc_icons_item with_more\"><div class=\"sc_icons_icon sc_icon_type_ icon-marker\" style=\"color: #5EC900\" ><span class=\"sc_icon_type_ icon-marker\" style=\"color: #5EC900\"><\/span><\/div><div class=\"sc_icons_item_details\"><div class=\"sc_icons_item_description\"><span>Fatali Khan Khoyski 78, Bakou, AZ1110<\/span><span><\/span><\/div><\/div><\/div><div class=\"sc_icons_item sc_icons_item_linked with_more\"><div class=\"sc_icons_icon sc_icon_type_ icon-iphone\" style=\"color: #5EC900\" ><span class=\"sc_icon_type_ icon-iphone\" style=\"color: #5EC900\"><\/span><\/div><div class=\"sc_icons_item_details\"><a href=\"tel:+994555502470%20\" class=\"sc_icons_item_more_link\">\r\n                        <span class=\"link_text\">+99455 5502470 <\/span><span class=\"link_icon\"><\/span>\r\n                        <\/a><a href=\"tel:+994555502470%20\"\r\n                        class=\"sc_icons_item_link\">\r\n                        <\/a><\/div><\/div><div class=\"sc_icons_item with_more\"><div class=\"sc_icons_icon sc_icon_type_ icon-envelope-2\" style=\"color: #5EC900\" ><span class=\"sc_icon_type_ icon-envelope-2\" style=\"color: #5EC900\"><\/span><\/div><div class=\"sc_icons_item_details\"><div class=\"sc_icons_item_description\"><span><a href=\"mailto:salam@firstep.az<\/span><span>\">salam@firstep.az<\/span><span><\/a><\/span><\/div><\/div><\/div><\/div><!-- \/.sc_icons -->\t\t\t\t<\/div>\n\t\t\t\t<\/div>\n\t\t\t\t\t<\/div>\n\t\t<\/div>\n\t\t\t\t<div class=\"elementor-column elementor-col-50 elementor-top-column elementor-element elementor-element-5322d67 sc_content_align_inherit sc_layouts_column_icons_position_left sc_fly_static\" data-id=\"5322d67\" data-element_type=\"column\" data-e-type=\"column\">\n\t\t\t<div class=\"elementor-widget-wrap elementor-element-populated\">\n\t\t\t\t\t\t<div class=\"elementor-element elementor-element-5ca27077 sc_fly_static elementor-widget elementor-widget-spacer\" data-id=\"5ca27077\" data-element_type=\"widget\" data-e-type=\"widget\" data-widget_type=\"spacer.default\">\n\t\t\t\t<div class=\"elementor-widget-container\">\n\t\t\t\t\t\t\t<div class=\"elementor-spacer\">\n\t\t\t<div class=\"elementor-spacer-inner\"><\/div>\n\t\t<\/div>\n\t\t\t\t\t\t<\/div>\n\t\t\t\t<\/div>\n\t\t\t\t<div class=\"elementor-element elementor-element-1f97b2dc sc_fly_static elementor-widget elementor-widget-trx_sc_contact_form_7\" data-id=\"1f97b2dc\" data-element_type=\"widget\" data-e-type=\"widget\" data-widget_type=\"trx_sc_contact_form_7.default\">\n\t\t\t\t<div class=\"elementor-widget-container\">\n\t\t\t\t\t\n<div class=\"wpcf7 no-js\" id=\"wpcf7-f225-o1\" lang=\"en-US\" dir=\"ltr\" data-wpcf7-id=\"225\">\n<div class=\"screen-reader-response\"><p role=\"status\" aria-live=\"polite\" aria-atomic=\"true\"><\/p> <ul><\/ul><\/div>\n<form action=\"\/fr\/wp-json\/wp\/v2\/pages\/217#wpcf7-f225-o1\" method=\"post\" class=\"wpcf7-form init\" aria-label=\"Formulaire de contact\" novalidate=\"novalidate\" data-status=\"init\" data-trp-original-action=\"\/fr\/wp-json\/wp\/v2\/pages\/217#wpcf7-f225-o1\">\n<fieldset class=\"hidden-fields-container\"><input type=\"hidden\" name=\"_wpcf7\" value=\"225\" \/><input type=\"hidden\" name=\"_wpcf7_version\" value=\"6.1.5\" \/><input type=\"hidden\" name=\"_wpcf7_locale\" value=\"en_US\" \/><input type=\"hidden\" name=\"_wpcf7_unit_tag\" value=\"wpcf7-f225-o1\" \/><input type=\"hidden\" name=\"_wpcf7_container_post\" value=\"0\" \/><input type=\"hidden\" name=\"_wpcf7_posted_data_hash\" value=\"\" \/><input type=\"hidden\" name=\"_wpcf7_recaptcha_response\" value=\"\" \/>\n<\/fieldset>\n<div class=\"form-style-1\">\n\t<div class=\"columns_wrap\">\n\t\t<div class=\"column-1_2\">\n\t\t\t<p><span class=\"style-line icon-name\"><span class=\"wpcf7-form-control-wrap\" data-name=\"your-name\"><input size=\"40\" maxlength=\"400\" class=\"wpcf7-form-control wpcf7-text wpcf7-validates-as-required\" aria-required=\"true\" aria-invalid=\"false\" placeholder=\"Votre nom\" value=\"\" type=\"text\" name=\"your-name\" \/><\/span><\/span>\n\t\t\t<\/p>\n\t\t<\/div>\n\t\t<div class=\"column-1_2\">\n\t\t\t<p><span class=\"style-line icon-email\"><span class=\"wpcf7-form-control-wrap\" data-name=\"your-email\"><input size=\"40\" maxlength=\"400\" class=\"wpcf7-form-control wpcf7-email wpcf7-validates-as-required wpcf7-text wpcf7-validates-as-email\" aria-required=\"true\" aria-invalid=\"false\" placeholder=\"Votre adresse e-mail\" value=\"\" type=\"email\" name=\"your-email\" \/><\/span><\/span>\n\t\t\t<\/p>\n\t\t<\/div>\n\t<\/div>\n\t<div class=\"columns_wrap\">\n\t\t<div class=\"column-1_2\">\n\t\t\t<p><span class=\"style-line icon-phone\"><span class=\"wpcf7-form-control-wrap\" data-name=\"phone\"><input size=\"40\" maxlength=\"400\" class=\"wpcf7-form-control wpcf7-tel wpcf7-validates-as-required wpcf7-text wpcf7-validates-as-tel\" aria-required=\"true\" aria-invalid=\"false\" placeholder=\"Num\u00e9ro de t\u00e9l\u00e9phone du contact\" value=\"\" type=\"tel\" name=\"phone\" \/><\/span><\/span>\n\t\t\t<\/p>\n\t\t<\/div>\n\t\t<div class=\"column-1_2\">\n\t\t\t<p><span class=\"style-line icon-subject\"><span class=\"wpcf7-form-control-wrap\" data-name=\"subject\"><input size=\"40\" maxlength=\"400\" class=\"wpcf7-form-control wpcf7-text wpcf7-validates-as-required\" aria-required=\"true\" aria-invalid=\"false\" placeholder=\"Le titre de votre candidature\" value=\"\" type=\"text\" name=\"subject\" \/><\/span><\/span>\n\t\t\t<\/p>\n\t\t<\/div>\n\t<\/div>\n\t<div class=\"columns_wrap margin-bottom\">\n\t\t<div class=\"column-1_1\">\n\t\t\t<p><span class=\"style-line icon-textarea\"><span class=\"wpcf7-form-control-wrap\" data-name=\"your-message\"><textarea cols=\"40\" rows=\"10\" maxlength=\"2000\" class=\"wpcf7-form-control wpcf7-textarea wpcf7-validates-as-required\" aria-required=\"true\" aria-invalid=\"false\" placeholder=\"Entrez les d\u00e9tails de votre candidature ici\" name=\"your-message\"><\/textarea><\/span><\/span>\n\t\t\t<\/p>\n\t\t<\/div>\n\t<\/div>\n\t<p><input class=\"wpcf7-form-control wpcf7-submit has-spinner\" type=\"submit\" value=\"ENVOYER CANDIDATURE\" \/><span class=\"wpcf7-form-control-wrap\" data-name=\"acceptance\"><span class=\"wpcf7-form-control wpcf7-acceptance\"><span class=\"wpcf7-list-item\"><label><input type=\"checkbox\" name=\"acceptance\" value=\"1\" aria-invalid=\"false\" \/><span class=\"wpcf7-list-item-label\"><a href=\"\/fr\/privacy-policy\/\">politique de confidentialit\u00e9<\/a> tu es d&#039;accord avec<\/span><\/label><\/span><\/span><\/span>\n\t<\/p>\n<\/div><div class=\"wpcf7-response-output\" aria-hidden=\"true\"><\/div>\n<input type=\"hidden\" name=\"trp-form-language\" value=\"fr\"\/><\/form>\n<\/div>\n\t\t\t\t<\/div>\n\t\t\t\t<\/div>\n\t\t\t\t<div class=\"elementor-element elementor-element-215ed668 sc_fly_static elementor-widget elementor-widget-spacer\" data-id=\"215ed668\" data-element_type=\"widget\" data-e-type=\"widget\" data-widget_type=\"spacer.default\">\n\t\t\t\t<div class=\"elementor-widget-container\">\n\t\t\t\t\t\t\t<div class=\"elementor-spacer\">\n\t\t\t<div class=\"elementor-spacer-inner\"><\/div>\n\t\t<\/div>\n\t\t\t\t\t\t<\/div>\n\t\t\t\t<\/div>\n\t\t\t\t\t<\/div>\n\t\t<\/div>\n\t\t\t\t\t<\/div>\n\t\t<\/section>\n\t\t\t\t<section class=\"elementor-section elementor-top-section elementor-element elementor-element-671ba18 elementor-section-boxed elementor-section-height-default elementor-section-height-default sc_fly_static\" data-id=\"671ba18\" data-element_type=\"section\" data-e-type=\"section\">\n\t\t\t\t\t\t<div class=\"elementor-container elementor-column-gap-extended\">\n\t\t\t\t\t<div class=\"elementor-column elementor-col-100 elementor-top-column elementor-element elementor-element-70f60ea sc_content_align_inherit sc_layouts_column_icons_position_left sc_fly_static\" data-id=\"70f60ea\" data-element_type=\"column\" data-e-type=\"column\">\n\t\t\t<div class=\"elementor-widget-wrap elementor-element-populated\">\n\t\t\t\t\t\t<div class=\"elementor-element elementor-element-47dac96 sc_fly_static elementor-widget elementor-widget-spacer\" data-id=\"47dac96\" data-element_type=\"widget\" data-e-type=\"widget\" data-widget_type=\"spacer.default\">\n\t\t\t\t<div class=\"elementor-widget-container\">\n\t\t\t\t\t\t\t<div class=\"elementor-spacer\">\n\t\t\t<div class=\"elementor-spacer-inner\"><\/div>\n\t\t<\/div>\n\t\t\t\t\t\t<\/div>\n\t\t\t\t<\/div>\n\t\t\t\t\t<\/div>\n\t\t<\/div>\n\t\t\t\t\t<\/div>\n\t\t<\/section>\n\t\t\t\t<section class=\"elementor-section elementor-top-section elementor-element elementor-element-6ac1a98 scheme_dark elementor-section-boxed elementor-section-height-default elementor-section-height-default sc_fly_static\" data-id=\"6ac1a98\" data-element_type=\"section\" data-e-type=\"section\" data-settings=\"{&quot;background_background&quot;:&quot;classic&quot;}\">\n\t\t\t\t\t\t<div class=\"elementor-container elementor-column-gap-extended\">\n\t\t\t\t\t<div class=\"elementor-column elementor-col-100 elementor-top-column elementor-element elementor-element-5324954 sc_content_align_inherit sc_layouts_column_icons_position_left sc_fly_static\" data-id=\"5324954\" data-element_type=\"column\" data-e-type=\"column\">\n\t\t\t<div class=\"elementor-widget-wrap elementor-element-populated\">\n\t\t\t\t\t\t<div class=\"elementor-element elementor-element-39cb3c1 sc_height_huge sc_fly_static elementor-widget elementor-widget-spacer\" data-id=\"39cb3c1\" data-element_type=\"widget\" data-e-type=\"widget\" data-widget_type=\"spacer.default\">\n\t\t\t\t<div class=\"elementor-widget-container\">\n\t\t\t\t\t\t\t<div class=\"elementor-spacer\">\n\t\t\t<div class=\"elementor-spacer-inner\"><\/div>\n\t\t<\/div>\n\t\t\t\t\t\t<\/div>\n\t\t\t\t<\/div>\n\t\t\t\t<section class=\"elementor-section elementor-inner-section elementor-element elementor-element-3b0b96b elementor-section-content-middle elementor-section-boxed elementor-section-height-default elementor-section-height-default sc_fly_static\" data-id=\"3b0b96b\" data-element_type=\"section\" data-e-type=\"section\">\n\t\t\t\t\t\t<div class=\"elementor-container elementor-column-gap-no\">\n\t\t\t\t\t<div class=\"elementor-column elementor-col-66 elementor-inner-column elementor-element elementor-element-9a69e8f sc_content_align_inherit sc_layouts_column_icons_position_left sc_fly_static\" data-id=\"9a69e8f\" data-element_type=\"column\" data-e-type=\"column\">\n\t\t\t<div class=\"elementor-widget-wrap elementor-element-populated\">\n\t\t\t\t\t\t<div class=\"elementor-element elementor-element-56fa1876 sc_fly_static elementor-widget elementor-widget-trx_sc_title\" data-id=\"56fa1876\" data-element_type=\"widget\" data-e-type=\"widget\" data-widget_type=\"trx_sc_title.default\">\n\t\t\t\t<div class=\"elementor-widget-container\">\n\t\t\t\t\t<div\t\tclass=\"sc_title sc_title_default\" ><h2 class=\"sc_item_title sc_title_title sc_item_title_style_default sc_item_title_tag\"\n\t\t\t><span class=\"sc_item_title_text\">Nous fournissons des solutions de voyage personnalis\u00e9es \u00e0 nos clients<\/span><\/h2><\/div>\t\t\t\t<\/div>\n\t\t\t\t<\/div>\n\t\t\t\t\t<\/div>\n\t\t<\/div>\n\t\t\t\t<div class=\"elementor-column elementor-col-33 elementor-inner-column elementor-element elementor-element-cba0f16 sc_layouts_column_align_right sc_layouts_column sc-mobile_layouts_column_align_left sc_layouts_column sc_content_align_inherit sc_layouts_column_icons_position_left sc_fly_static\" data-id=\"cba0f16\" data-element_type=\"column\" data-e-type=\"column\">\n\t\t\t<div class=\"elementor-widget-wrap elementor-element-populated\">\n\t\t\t\t\t\t<div class=\"elementor-element elementor-element-2f43ec76 elementor-widget__width-initial sc_fly_static elementor-widget elementor-widget-trx_sc_button\" data-id=\"2f43ec76\" data-element_type=\"widget\" data-e-type=\"widget\" data-widget_type=\"trx_sc_button.default\">\n\t\t\t\t<div class=\"elementor-widget-container\">\n\t\t\t\t\t<div\tclass=\"sc_item_button sc_button_wrap\" ><a href=\"https:\/\/www.firstep.az\/fr\/about-us\/\" class=\"sc_button sc_button_default sc_button_size_normal sc_button_icon_left color_style_link3\" ><span class=\"sc_button_text\"><span class=\"sc_button_title\">En savoir plus<\/span><\/span><\/a><\/div>\t\t\t\t<\/div>\n\t\t\t\t<\/div>\n\t\t\t\t\t<\/div>\n\t\t<\/div>\n\t\t\t\t\t<\/div>\n\t\t<\/section>\n\t\t\t\t<div class=\"elementor-element elementor-element-27ebbb1 sc_height_huge sc_fly_static elementor-widget elementor-widget-spacer\" data-id=\"27ebbb1\" data-element_type=\"widget\" data-e-type=\"widget\" data-widget_type=\"spacer.default\">\n\t\t\t\t<div class=\"elementor-widget-container\">\n\t\t\t\t\t\t\t<div class=\"elementor-spacer\">\n\t\t\t<div class=\"elementor-spacer-inner\"><\/div>\n\t\t<\/div>\n\t\t\t\t\t\t<\/div>\n\t\t\t\t<\/div>\n\t\t\t\t\t<\/div>\n\t\t<\/div>\n\t\t\t\t\t<\/div>\n\t\t<\/section>\n\t\t\t\t<\/div>","protected":false},"excerpt":{"rendered":"<p>B\u0130Z\u0130ML\u018f \u018fLAQ\u018f Sual\u0131n var? \u0130ndi \u0259laq\u0259 saxla. Xidm\u0259tl\u0259rimizd\u0259n istifad\u0259 il\u0259 ba\u011fl\u0131 h\u0259r hans\u0131 sual\u0131n\u0131z varsa biziml\u0259 \u0259laq\u0259 saxlay\u0131n. M\u0259qs\u0259dimiz s\u0259yah\u0259tiniz\u0259 unikal h\u0259ll\u0259r tapma\u011f\u0131n\u0131zd\u0131r. F\u0259t\u0259li Xan Xoyski 78, Bak\u0131, AZ1110 +99455 5502470 salam@firstep.az&hellip;<\/p>","protected":false},"author":1,"featured_media":0,"parent":0,"menu_order":0,"comment_status":"closed","ping_status":"closed","template":"","meta":{"footnotes":""},"class_list":["post-217","page","type-page","status-publish","hentry"],"yoast_head":"<!-- This site is optimized with the Yoast SEO Premium plugin v26.7 (Yoast SEO v27.3) - https:\/\/yoast.com\/product\/yoast-seo-premium-wordpress\/ -->\n<title>\u018flaq\u0259 - First Step Turizm<\/title>\n<meta name=\"description\" content=\"Suallar\u0131n\u0131z, r\u0259y v\u0259 t\u0259klifl\u0259riniz \u00fc\u00e7\u00fcn \u0259laq\u0259 vasit\u0259l\u0259rimizd\u0259n istifad\u0259 ed\u0259r\u0259k biz\u0259 m\u00fcraci\u0259t ed\u0259 bil\u0259rsiniz.\" \/>\n<meta name=\"robots\" content=\"index, follow, max-snippet:-1, max-image-preview:large, max-video-preview:-1\" \/>\n<link rel=\"canonical\" href=\"https:\/\/www.firstep.az\/fr\/contact-us\/\" \/>\n<meta property=\"og:locale\" content=\"fr_FR\" \/>\n<meta property=\"og:type\" content=\"article\" \/>\n<meta property=\"og:title\" content=\"\u018flaq\u0259\" \/>\n<meta property=\"og:description\" content=\"Suallar\u0131n\u0131z, r\u0259y v\u0259 t\u0259klifl\u0259riniz \u00fc\u00e7\u00fcn \u0259laq\u0259 vasit\u0259l\u0259rimizd\u0259n istifad\u0259 ed\u0259r\u0259k biz\u0259 m\u00fcraci\u0259t ed\u0259 bil\u0259rsiniz.\" \/>\n<meta property=\"og:url\" content=\"https:\/\/www.firstep.az\/fr\/contact-us\/\" \/>\n<meta property=\"og:site_name\" content=\"First Step Turizm\" \/>\n<meta property=\"article:publisher\" content=\"https:\/\/www.facebook.com\/firsteptourism\/\" \/>\n<meta property=\"article:modified_time\" content=\"2026-01-19T10:40:19+00:00\" \/>\n<meta property=\"og:image\" content=\"https:\/\/www.firstep.az\/wp-content\/uploads\/2024\/07\/logo-colorized.png\" \/>\n\t<meta property=\"og:image:width\" content=\"396\" \/>\n\t<meta property=\"og:image:height\" content=\"96\" \/>\n\t<meta property=\"og:image:type\" content=\"image\/png\" \/>\n<meta name=\"twitter:card\" content=\"summary_large_image\" \/>\n<meta name=\"twitter:site\" content=\"@firsteptourism\" \/>\n<meta name=\"twitter:label1\" content=\"Dur\u00e9e de lecture estim\u00e9e\" \/>\n\t<meta name=\"twitter:data1\" content=\"1 minute\" \/>\n<script type=\"application\/ld+json\" class=\"yoast-schema-graph\">{\"@context\":\"https:\\\/\\\/schema.org\",\"@graph\":[{\"@type\":\"WebPage\",\"@id\":\"https:\\\/\\\/www.firstep.az\\\/contact-us\\\/\",\"url\":\"https:\\\/\\\/www.firstep.az\\\/contact-us\\\/\",\"name\":\"\u018flaq\u0259 - First Step Turizm\",\"isPartOf\":{\"@id\":\"https:\\\/\\\/www.firstep.az\\\/#website\"},\"datePublished\":\"2022-12-23T23:02:31+00:00\",\"dateModified\":\"2026-01-19T10:40:19+00:00\",\"description\":\"Suallar\u0131n\u0131z, r\u0259y v\u0259 t\u0259klifl\u0259riniz \u00fc\u00e7\u00fcn \u0259laq\u0259 vasit\u0259l\u0259rimizd\u0259n istifad\u0259 ed\u0259r\u0259k biz\u0259 m\u00fcraci\u0259t ed\u0259 bil\u0259rsiniz.\",\"breadcrumb\":{\"@id\":\"https:\\\/\\\/www.firstep.az\\\/contact-us\\\/#breadcrumb\"},\"inLanguage\":\"fr-FR\",\"potentialAction\":[{\"@type\":\"ReadAction\",\"target\":[\"https:\\\/\\\/www.firstep.az\\\/contact-us\\\/\"]}]},{\"@type\":\"BreadcrumbList\",\"@id\":\"https:\\\/\\\/www.firstep.az\\\/contact-us\\\/#breadcrumb\",\"itemListElement\":[{\"@type\":\"ListItem\",\"position\":1,\"name\":\"Home\",\"item\":\"https:\\\/\\\/www.firstep.az\\\/\"},{\"@type\":\"ListItem\",\"position\":2,\"name\":\"\u018flaq\u0259\"}]},{\"@type\":\"WebSite\",\"@id\":\"https:\\\/\\\/www.firstep.az\\\/#website\",\"url\":\"https:\\\/\\\/www.firstep.az\\\/\",\"name\":\"First Step Turizm\",\"description\":\"\u0130lk add\u0131mlar\u0131n\u0131 at\",\"publisher\":{\"@id\":\"https:\\\/\\\/www.firstep.az\\\/#organization\"},\"potentialAction\":[{\"@type\":\"SearchAction\",\"target\":{\"@type\":\"EntryPoint\",\"urlTemplate\":\"https:\\\/\\\/www.firstep.az\\\/?s={search_term_string}\"},\"query-input\":{\"@type\":\"PropertyValueSpecification\",\"valueRequired\":true,\"valueName\":\"search_term_string\"}}],\"inLanguage\":\"fr-FR\"},{\"@type\":\"Organization\",\"@id\":\"https:\\\/\\\/www.firstep.az\\\/#organization\",\"name\":\"First Step Turizm\",\"url\":\"https:\\\/\\\/www.firstep.az\\\/\",\"logo\":{\"@type\":\"ImageObject\",\"inLanguage\":\"fr-FR\",\"@id\":\"https:\\\/\\\/www.firstep.az\\\/#\\\/schema\\\/logo\\\/image\\\/\",\"url\":\"https:\\\/\\\/www.firstep.az\\\/wp-content\\\/uploads\\\/2024\\\/07\\\/fav-rm.png\",\"contentUrl\":\"https:\\\/\\\/www.firstep.az\\\/wp-content\\\/uploads\\\/2024\\\/07\\\/fav-rm.png\",\"width\":500,\"height\":500,\"caption\":\"First Step Turizm\"},\"image\":{\"@id\":\"https:\\\/\\\/www.firstep.az\\\/#\\\/schema\\\/logo\\\/image\\\/\"},\"sameAs\":[\"https:\\\/\\\/www.facebook.com\\\/firsteptourism\\\/\",\"https:\\\/\\\/x.com\\\/firsteptourism\",\"https:\\\/\\\/www.instagram.com\\\/firsteptourism\\\/\",\"https:\\\/\\\/www.linkedin.com\\\/company\\\/firsteptourism\"],\"email\":\"salam@firstep.az\",\"telephone\":\"+994555502470\",\"legalName\":\"First Step Tourism LLC\",\"foundingDate\":\"2019-12-24\",\"numberOfEmployees\":{\"@type\":\"QuantitativeValue\",\"minValue\":\"1\",\"maxValue\":\"10\"}}]}<\/script>\n<!-- \/ Yoast SEO Premium plugin. -->","yoast_head_json":{"title":"\u018flaq\u0259 - First Step Turizm","description":"Suallar\u0131n\u0131z, r\u0259y v\u0259 t\u0259klifl\u0259riniz \u00fc\u00e7\u00fcn \u0259laq\u0259 vasit\u0259l\u0259rimizd\u0259n istifad\u0259 ed\u0259r\u0259k biz\u0259 m\u00fcraci\u0259t ed\u0259 bil\u0259rsiniz.","robots":{"index":"index","follow":"follow","max-snippet":"max-snippet:-1","max-image-preview":"max-image-preview:large","max-video-preview":"max-video-preview:-1"},"canonical":"https:\/\/www.firstep.az\/fr\/contact-us\/","og_locale":"fr_FR","og_type":"article","og_title":"\u018flaq\u0259","og_description":"Suallar\u0131n\u0131z, r\u0259y v\u0259 t\u0259klifl\u0259riniz \u00fc\u00e7\u00fcn \u0259laq\u0259 vasit\u0259l\u0259rimizd\u0259n istifad\u0259 ed\u0259r\u0259k biz\u0259 m\u00fcraci\u0259t ed\u0259 bil\u0259rsiniz.","og_url":"https:\/\/www.firstep.az\/fr\/contact-us\/","og_site_name":"First Step Turizm","article_publisher":"https:\/\/www.facebook.com\/firsteptourism\/","article_modified_time":"2026-01-19T10:40:19+00:00","og_image":[{"width":396,"height":96,"url":"https:\/\/www.firstep.az\/wp-content\/uploads\/2024\/07\/logo-colorized.png","type":"image\/png"}],"twitter_card":"summary_large_image","twitter_site":"@firsteptourism","twitter_misc":{"Dur\u00e9e de lecture estim\u00e9e":"1 minute"},"schema":{"@context":"https:\/\/schema.org","@graph":[{"@type":"WebPage","@id":"https:\/\/www.firstep.az\/contact-us\/","url":"https:\/\/www.firstep.az\/contact-us\/","name":"\u018flaq\u0259 - First Step Turizm","isPartOf":{"@id":"https:\/\/www.firstep.az\/#website"},"datePublished":"2022-12-23T23:02:31+00:00","dateModified":"2026-01-19T10:40:19+00:00","description":"Suallar\u0131n\u0131z, r\u0259y v\u0259 t\u0259klifl\u0259riniz \u00fc\u00e7\u00fcn \u0259laq\u0259 vasit\u0259l\u0259rimizd\u0259n istifad\u0259 ed\u0259r\u0259k biz\u0259 m\u00fcraci\u0259t ed\u0259 bil\u0259rsiniz.","breadcrumb":{"@id":"https:\/\/www.firstep.az\/contact-us\/#breadcrumb"},"inLanguage":"fr-FR","potentialAction":[{"@type":"ReadAction","target":["https:\/\/www.firstep.az\/contact-us\/"]}]},{"@type":"BreadcrumbList","@id":"https:\/\/www.firstep.az\/contact-us\/#breadcrumb","itemListElement":[{"@type":"ListItem","position":1,"name":"Home","item":"https:\/\/www.firstep.az\/"},{"@type":"ListItem","position":2,"name":"\u018flaq\u0259"}]},{"@type":"WebSite","@id":"https:\/\/www.firstep.az\/#website","url":"https:\/\/www.firstep.az\/","name":"Tourisme Premier Pas","description":"Faites vos premiers pas","publisher":{"@id":"https:\/\/www.firstep.az\/#organization"},"potentialAction":[{"@type":"SearchAction","target":{"@type":"EntryPoint","urlTemplate":"https:\/\/www.firstep.az\/?s={search_term_string}"},"query-input":{"@type":"PropertyValueSpecification","valueRequired":true,"valueName":"search_term_string"}}],"inLanguage":"fr-FR"},{"@type":"Organization","@id":"https:\/\/www.firstep.az\/#organization","name":"Tourisme Premier Pas","url":"https:\/\/www.firstep.az\/","logo":{"@type":"ImageObject","inLanguage":"fr-FR","@id":"https:\/\/www.firstep.az\/#\/schema\/logo\/image\/","url":"https:\/\/www.firstep.az\/wp-content\/uploads\/2024\/07\/fav-rm.png","contentUrl":"https:\/\/www.firstep.az\/wp-content\/uploads\/2024\/07\/fav-rm.png","width":500,"height":500,"caption":"First Step Turizm"},"image":{"@id":"https:\/\/www.firstep.az\/#\/schema\/logo\/image\/"},"sameAs":["https:\/\/www.facebook.com\/firsteptourism\/","https:\/\/x.com\/firsteptourism","https:\/\/www.instagram.com\/firsteptourism\/","https:\/\/www.linkedin.com\/company\/firsteptourism"],"email":"salam@firstep.az","telephone":"+994555502470","legalName":"First Step Tourism LLC","foundingDate":"2019-12-24","numberOfEmployees":{"@type":"QuantitativeValue","minValue":"1","maxValue":"10"}}]}},"_links":{"self":[{"href":"https:\/\/www.firstep.az\/fr\/wp-json\/wp\/v2\/pages\/217","targetHints":{"allow":["GET"]}}],"collection":[{"href":"https:\/\/www.firstep.az\/fr\/wp-json\/wp\/v2\/pages"}],"about":[{"href":"https:\/\/www.firstep.az\/fr\/wp-json\/wp\/v2\/types\/page"}],"author":[{"embeddable":true,"href":"https:\/\/www.firstep.az\/fr\/wp-json\/wp\/v2\/users\/1"}],"replies":[{"embeddable":true,"href":"https:\/\/www.firstep.az\/fr\/wp-json\/wp\/v2\/comments?post=217"}],"version-history":[{"count":6,"href":"https:\/\/www.firstep.az\/fr\/wp-json\/wp\/v2\/pages\/217\/revisions"}],"predecessor-version":[{"id":10177,"href":"https:\/\/www.firstep.az\/fr\/wp-json\/wp\/v2\/pages\/217\/revisions\/10177"}],"wp:attachment":[{"href":"https:\/\/www.firstep.az\/fr\/wp-json\/wp\/v2\/media?parent=217"}],"curies":[{"name":"wp","href":"https:\/\/api.w.org\/{rel}","templated":true}]}}