{"id":617,"date":"2022-12-24T22:05:05","date_gmt":"2022-12-24T22:05:05","guid":{"rendered":"https:\/\/beta.firstep.az\/?page_id=617"},"modified":"2024-12-01T00:49:39","modified_gmt":"2024-11-30T20:49:39","slug":"privacy-policy","status":"publish","type":"page","link":"https:\/\/www.firstep.az\/ar\/privacy-policy\/","title":{"rendered":"\u0633\u064a\u0627\u0633\u0629 \u0627\u0644\u062e\u0635\u0648\u0635\u064a\u0629"},"content":{"rendered":"<div data-elementor-type=\"wp-page\" data-elementor-id=\"617\" class=\"elementor elementor-617\">\n\t\t\t\t\t\t<section class=\"elementor-section elementor-top-section elementor-element elementor-element-300797c6 elementor-section-boxed elementor-section-height-default elementor-section-height-default sc_fly_static\" data-id=\"300797c6\" data-element_type=\"section\" data-e-type=\"section\" data-settings=\"{&quot;background_background&quot;:&quot;classic&quot;}\">\n\t\t\t\t\t\t<div class=\"elementor-container elementor-column-gap-extended\">\n\t\t\t\t\t<div class=\"elementor-column elementor-col-100 elementor-top-column elementor-element elementor-element-4e2dafff sc_content_align_inherit sc_layouts_column_icons_position_left sc_fly_static\" data-id=\"4e2dafff\" data-element_type=\"column\" data-e-type=\"column\">\n\t\t\t<div class=\"elementor-widget-wrap elementor-element-populated\">\n\t\t\t\t\t\t<div class=\"elementor-element elementor-element-311889b7 sc_fly_static elementor-widget elementor-widget-text-editor\" data-id=\"311889b7\" data-element_type=\"widget\" data-e-type=\"widget\" data-widget_type=\"text-editor.default\">\n\t\t\t\t<div class=\"elementor-widget-container\">\n\t\t\t\t\t\t\t\t\t<h2 data-pm-slice=\"1 3 []\">1. \u0627\u0644\u0645\u0639\u0644\u0648\u0645\u0627\u062a \u0627\u0644\u062a\u064a \u062a\u0645 \u062c\u0645\u0639\u0647\u0627<\/h2><ul data-spread=\"false\"><li><p>\u064a\u062a\u0645 \u062c\u0645\u0639 \u0645\u0639\u0644\u0648\u0645\u0627\u062a\u0643 \u0627\u0644\u0634\u062e\u0635\u064a\u0629\u060c \u0628\u0645\u0627 \u0641\u064a \u0630\u0644\u0643 \u0627\u0633\u0645\u0643 \u0627\u0644\u0623\u0648\u0644 \u0648\u0627\u0644\u0623\u062e\u064a\u0631 \u0648\u0639\u0646\u0648\u0627\u0646 \u0627\u0644\u0628\u0631\u064a\u062f \u0627\u0644\u0625\u0644\u0643\u062a\u0631\u0648\u0646\u064a \u0648\u0631\u0642\u0645 \u0627\u0644\u0647\u0627\u062a\u0641 \u0648\u0645\u0639\u0644\u0648\u0645\u0627\u062a \u0627\u0644\u062f\u0641\u0639 \u0648\u062a\u0641\u0627\u0635\u064a\u0644 \u0627\u0644\u062d\u062c\u0632.<\/p><\/li><li><p>\u064a\u062a\u0645 \u062c\u0645\u0639 \u0627\u0644\u0645\u0639\u0644\u0648\u0645\u0627\u062a \u0627\u0644\u0641\u0646\u064a\u0629 \u062d\u0648\u0644 \u0627\u0633\u062a\u062e\u062f\u0627\u0645\u0643 \u0644\u0644\u0645\u0648\u0642\u0639 (\u0639\u0646\u0648\u0627\u0646 IP \u0648\u0646\u0648\u0639 \u0627\u0644\u0645\u062a\u0635\u0641\u062d \u0648\u0645\u0627 \u0625\u0644\u0649 \u0630\u0644\u0643) \u062a\u0644\u0642\u0627\u0626\u064a\u064b\u0627.<\/p><\/li><\/ul><p>\u00a0<\/p>\t\t\t\t\t\t\t\t<\/div>\n\t\t\t\t<\/div>\n\t\t\t\t\t<\/div>\n\t\t<\/div>\n\t\t\t\t\t<\/div>\n\t\t<\/section>\n\t\t\t\t<section class=\"elementor-section elementor-top-section elementor-element elementor-element-3f8f862a elementor-section-boxed elementor-section-height-default elementor-section-height-default sc_fly_static\" data-id=\"3f8f862a\" data-element_type=\"section\" data-e-type=\"section\" data-settings=\"{&quot;background_background&quot;:&quot;classic&quot;}\">\n\t\t\t\t\t\t<div class=\"elementor-container elementor-column-gap-extended\">\n\t\t\t\t\t<div class=\"elementor-column elementor-col-100 elementor-top-column elementor-element elementor-element-a40e2f7 sc_content_align_inherit sc_layouts_column_icons_position_left sc_fly_static\" data-id=\"a40e2f7\" data-element_type=\"column\" data-e-type=\"column\">\n\t\t\t<div class=\"elementor-widget-wrap elementor-element-populated\">\n\t\t\t\t\t\t<div class=\"elementor-element elementor-element-b424f17 sc_fly_static elementor-widget elementor-widget-text-editor\" data-id=\"b424f17\" data-element_type=\"widget\" data-e-type=\"widget\" data-widget_type=\"text-editor.default\">\n\t\t\t\t<div class=\"elementor-widget-container\">\n\t\t\t\t\t\t\t\t\t<h2 data-pm-slice=\"1 3 []\">2. \u0627\u0633\u062a\u062e\u062f\u0627\u0645 \u0627\u0644\u0628\u064a\u0627\u0646\u0627\u062a<\/h2><ul data-spread=\"false\"><li><p>\u0644\u062a\u0648\u0641\u064a\u0631 \u0648\u062a\u062d\u0633\u064a\u0646 \u062e\u062f\u0645\u0627\u062a\u0646\u0627.<\/p><\/li><li><p>\u0644\u0644\u0627\u062a\u0635\u0627\u0644 \u0628\u0643 \u0648\u0644\u0623\u063a\u0631\u0627\u0636 \u062a\u0633\u0648\u064a\u0642\u064a\u0629 (\u062a\u062e\u0636\u0639 \u0644\u0645\u0648\u0627\u0641\u0642\u062a\u0643).<\/p><\/li><\/ul><p>\u00a0<\/p>\t\t\t\t\t\t\t\t<\/div>\n\t\t\t\t<\/div>\n\t\t\t\t\t<\/div>\n\t\t<\/div>\n\t\t\t\t\t<\/div>\n\t\t<\/section>\n\t\t\t\t<section class=\"elementor-section elementor-top-section elementor-element elementor-element-34705464 elementor-section-boxed elementor-section-height-default elementor-section-height-default sc_fly_static\" data-id=\"34705464\" data-element_type=\"section\" data-e-type=\"section\" data-settings=\"{&quot;background_background&quot;:&quot;classic&quot;}\">\n\t\t\t\t\t\t<div class=\"elementor-container elementor-column-gap-extended\">\n\t\t\t\t\t<div class=\"elementor-column elementor-col-100 elementor-top-column elementor-element elementor-element-18a924ac sc_content_align_inherit sc_layouts_column_icons_position_left sc_fly_static\" data-id=\"18a924ac\" data-element_type=\"column\" data-e-type=\"column\">\n\t\t\t<div class=\"elementor-widget-wrap elementor-element-populated\">\n\t\t\t\t\t\t<div class=\"elementor-element elementor-element-43d90451 sc_fly_static elementor-widget elementor-widget-text-editor\" data-id=\"43d90451\" data-element_type=\"widget\" data-e-type=\"widget\" data-widget_type=\"text-editor.default\">\n\t\t\t\t<div class=\"elementor-widget-container\">\n\t\t\t\t\t\t\t\t\t<h2 data-pm-slice=\"1 3 []\">3. \u062a\u0628\u0627\u062f\u0644 \u0627\u0644\u0645\u0639\u0644\u0648\u0645\u0627\u062a<\/h2><ul data-spread=\"false\"><li><p>\u062a\u062a\u0645 \u0645\u0634\u0627\u0631\u0643\u0629 \u0627\u0644\u0645\u0639\u0644\u0648\u0645\u0627\u062a \u0627\u0644\u0634\u062e\u0635\u064a\u0629 \u0641\u0642\u0637 \u0645\u0639 \u0645\u0642\u062f\u0645\u064a \u0627\u0644\u062e\u062f\u0645\u0627\u062a \u0648\u0636\u0645\u0646 \u0627\u0644\u0645\u062a\u0637\u0644\u0628\u0627\u062a \u0627\u0644\u0642\u0627\u0646\u0648\u0646\u064a\u0629.<\/p><\/li><li><p>\u0644\u0627 \u062a\u062a\u0645 \u0645\u0634\u0627\u0631\u0643\u0629 \u0645\u0639\u0644\u0648\u0645\u0627\u062a\u0643 \u0645\u0639 \u0623\u0637\u0631\u0627\u0641 \u062b\u0627\u0644\u062b\u0629 \u0644\u0623\u063a\u0631\u0627\u0636 \u0627\u0644\u062a\u0633\u0648\u064a\u0642.<\/p><\/li><\/ul><p>\u00a0<\/p>\t\t\t\t\t\t\t\t<\/div>\n\t\t\t\t<\/div>\n\t\t\t\t\t<\/div>\n\t\t<\/div>\n\t\t\t\t\t<\/div>\n\t\t<\/section>\n\t\t\t\t<section class=\"elementor-section elementor-top-section elementor-element elementor-element-3dc955de elementor-section-boxed elementor-section-height-default elementor-section-height-default sc_fly_static\" data-id=\"3dc955de\" data-element_type=\"section\" data-e-type=\"section\" data-settings=\"{&quot;background_background&quot;:&quot;classic&quot;}\">\n\t\t\t\t\t\t<div class=\"elementor-container elementor-column-gap-extended\">\n\t\t\t\t\t<div class=\"elementor-column elementor-col-100 elementor-top-column elementor-element elementor-element-3a65f5f4 sc_content_align_inherit sc_layouts_column_icons_position_left sc_fly_static\" data-id=\"3a65f5f4\" data-element_type=\"column\" data-e-type=\"column\">\n\t\t\t<div class=\"elementor-widget-wrap elementor-element-populated\">\n\t\t\t\t\t\t<div class=\"elementor-element elementor-element-4d31b757 sc_fly_static elementor-widget elementor-widget-text-editor\" data-id=\"4d31b757\" data-element_type=\"widget\" data-e-type=\"widget\" data-widget_type=\"text-editor.default\">\n\t\t\t\t<div class=\"elementor-widget-container\">\n\t\t\t\t\t\t\t\t\t<h2 data-pm-slice=\"1 3 []\">4. \u0627\u0644\u0623\u0645\u0646<\/h2><ul data-spread=\"false\"><li><p>\u064a\u062a\u0645 \u0627\u062a\u062e\u0627\u0630 \u0627\u0644\u062a\u062f\u0627\u0628\u064a\u0631 \u0627\u0644\u0641\u0646\u064a\u0629 \u0648\u0627\u0644\u062a\u0646\u0638\u064a\u0645\u064a\u0629 \u0644\u062d\u0645\u0627\u064a\u0629 \u0628\u064a\u0627\u0646\u0627\u062a\u0643.<\/p><\/li><li><p>\u0639\u0644\u0649 \u0627\u0644\u0631\u063a\u0645 \u0645\u0646 \u0623\u0645\u0646 \u0627\u0644\u0628\u064a\u0627\u0646\u0627\u062a\u060c \u0625\u0644\u0627 \u0623\u0646\u0647 \u0644\u0627 \u064a\u062a\u0645 \u0636\u0645\u0627\u0646 \u0627\u0644\u0623\u0645\u0627\u0646 \u0627\u0644\u0643\u0627\u0645\u0644 \u0644\u0644\u0628\u064a\u0627\u0646\u0627\u062a \u0627\u0644\u0645\u0646\u0642\u0648\u0644\u0629 \u0639\u0628\u0631 \u0627\u0644\u0625\u0646\u062a\u0631\u0646\u062a.<\/p><\/li><\/ul><p>\u00a0<\/p>\t\t\t\t\t\t\t\t<\/div>\n\t\t\t\t<\/div>\n\t\t\t\t\t<\/div>\n\t\t<\/div>\n\t\t\t\t\t<\/div>\n\t\t<\/section>\n\t\t\t\t<section class=\"elementor-section elementor-top-section elementor-element elementor-element-185a589f elementor-section-boxed elementor-section-height-default elementor-section-height-default sc_fly_static\" data-id=\"185a589f\" data-element_type=\"section\" data-e-type=\"section\" data-settings=\"{&quot;background_background&quot;:&quot;classic&quot;}\">\n\t\t\t\t\t\t<div class=\"elementor-container elementor-column-gap-extended\">\n\t\t\t\t\t<div class=\"elementor-column elementor-col-100 elementor-top-column elementor-element elementor-element-78e6f0c1 sc_content_align_inherit sc_layouts_column_icons_position_left sc_fly_static\" data-id=\"78e6f0c1\" data-element_type=\"column\" data-e-type=\"column\">\n\t\t\t<div class=\"elementor-widget-wrap elementor-element-populated\">\n\t\t\t\t\t\t<div class=\"elementor-element elementor-element-75ea0bf8 sc_fly_static elementor-widget elementor-widget-text-editor\" data-id=\"75ea0bf8\" data-element_type=\"widget\" data-e-type=\"widget\" data-widget_type=\"text-editor.default\">\n\t\t\t\t<div class=\"elementor-widget-container\">\n\t\t\t\t\t\t\t\t\t<h2 data-pm-slice=\"1 1 []\">5. \u0627\u0644\u0648\u0635\u0648\u0644 \u0625\u0644\u0649 \u0627\u0644\u0628\u064a\u0627\u0646\u0627\u062a \u0648\u062a\u0635\u062d\u064a\u062d\u0627\u062a\u0647\u0627<\/h2><ul data-spread=\"false\"><li><p>\u0644\u062f\u064a\u0643 \u0627\u0644\u062d\u0642 \u0641\u064a \u0627\u0644\u0648\u0635\u0648\u0644 \u0625\u0644\u0649 \u0628\u064a\u0627\u0646\u0627\u062a\u0643 \u0627\u0644\u0634\u062e\u0635\u064a\u0629 \u0623\u0648 \u062a\u0635\u062d\u064a\u062d\u0647\u0627 \u0623\u0648 \u062d\u0630\u0641\u0647\u0627 \u0641\u064a \u0623\u064a \u0648\u0642\u062a.<\/p><\/li><\/ul><h1>\u00a0<\/h1>\t\t\t\t\t\t\t\t<\/div>\n\t\t\t\t<\/div>\n\t\t\t\t\t<\/div>\n\t\t<\/div>\n\t\t\t\t\t<\/div>\n\t\t<\/section>\n\t\t\t\t<\/div>","protected":false},"excerpt":{"rendered":"<p>1. Toplanan M\u0259lumatlar Ad, soyad, e-po\u00e7t \u00fcnvan\u0131, telefon n\u00f6mr\u0259si, \u00f6d\u0259m\u0259 m\u0259lumatlar\u0131 v\u0259 rezervasiya detallar\u0131n\u0131z daxil olmaqla \u015f\u0259xsi m\u0259lumatlar\u0131n\u0131z toplan\u0131r. Vebsayt istifad\u0259nizl\u0259 ba\u011fl\u0131 texniki m\u0259lumatlar (IP \u00fcnvan\u0131, brauzer n\u00f6v\u00fc v\u0259 s.) avtomatik olaraq&hellip;<\/p>","protected":false},"author":1,"featured_media":0,"parent":0,"menu_order":0,"comment_status":"closed","ping_status":"closed","template":"","meta":{"footnotes":""},"class_list":["post-617","page","type-page","status-publish","hentry"],"yoast_head":"<!-- This site is optimized with the Yoast SEO Premium plugin v26.7 (Yoast SEO v27.3) - https:\/\/yoast.com\/product\/yoast-seo-premium-wordpress\/ -->\n<title>Gizlilik Siyas\u0259ti - First Step Turizm<\/title>\n<meta name=\"description\" content=\"\u015e\u0259xsi m\u0259lumatlar\u0131n\u0131z\u0131n toplanmas\u0131, istifad\u0259si v\u0259 qorunmas\u0131 il\u0259 ba\u011fl\u0131 b\u00fct\u00fcn detallar\u0131 \u00f6yr\u0259nm\u0259k \u00fc\u00e7\u00fcn Gizlilik Siyas\u0259timizi oxuyun.\" \/>\n<meta name=\"robots\" content=\"index, follow, max-snippet:-1, max-image-preview:large, max-video-preview:-1\" \/>\n<link rel=\"canonical\" href=\"https:\/\/www.firstep.az\/ar\/privacy-policy\/\" \/>\n<meta property=\"og:locale\" content=\"ar_AR\" \/>\n<meta property=\"og:type\" content=\"article\" \/>\n<meta property=\"og:title\" content=\"Gizlilik Siyas\u0259ti\" \/>\n<meta property=\"og:description\" content=\"\u015e\u0259xsi m\u0259lumatlar\u0131n\u0131z\u0131n toplanmas\u0131, istifad\u0259si v\u0259 qorunmas\u0131 il\u0259 ba\u011fl\u0131 b\u00fct\u00fcn detallar\u0131 \u00f6yr\u0259nm\u0259k \u00fc\u00e7\u00fcn Gizlilik Siyas\u0259timizi oxuyun.\" \/>\n<meta property=\"og:url\" content=\"https:\/\/www.firstep.az\/ar\/privacy-policy\/\" \/>\n<meta property=\"og:site_name\" content=\"First Step Turizm\" \/>\n<meta property=\"article:publisher\" content=\"https:\/\/www.facebook.com\/firsteptourism\/\" \/>\n<meta property=\"article:modified_time\" content=\"2024-11-30T20:49:39+00:00\" \/>\n<meta property=\"og:image\" content=\"https:\/\/www.firstep.az\/wp-content\/uploads\/2024\/07\/logo-colorized.png\" \/>\n\t<meta property=\"og:image:width\" content=\"396\" \/>\n\t<meta property=\"og:image:height\" content=\"96\" \/>\n\t<meta property=\"og:image:type\" content=\"image\/png\" \/>\n<meta name=\"twitter:card\" content=\"summary_large_image\" \/>\n<meta name=\"twitter:site\" content=\"@firsteptourism\" \/>\n<meta name=\"twitter:label1\" content=\"\u0648\u0642\u062a \u0627\u0644\u0642\u0631\u0627\u0621\u0629 \u0627\u0644\u0645\u064f\u0642\u062f\u0651\u0631\" \/>\n\t<meta name=\"twitter:data1\" content=\"\u062f\u0642\u064a\u0642\u0629 \u0648\u0627\u062d\u062f\u0629\" \/>\n<script type=\"application\/ld+json\" class=\"yoast-schema-graph\">{\"@context\":\"https:\\\/\\\/schema.org\",\"@graph\":[{\"@type\":\"WebPage\",\"@id\":\"https:\\\/\\\/www.firstep.az\\\/privacy-policy\\\/\",\"url\":\"https:\\\/\\\/www.firstep.az\\\/privacy-policy\\\/\",\"name\":\"Gizlilik Siyas\u0259ti - First Step Turizm\",\"isPartOf\":{\"@id\":\"https:\\\/\\\/www.firstep.az\\\/#website\"},\"datePublished\":\"2022-12-24T22:05:05+00:00\",\"dateModified\":\"2024-11-30T20:49:39+00:00\",\"description\":\"\u015e\u0259xsi m\u0259lumatlar\u0131n\u0131z\u0131n toplanmas\u0131, istifad\u0259si v\u0259 qorunmas\u0131 il\u0259 ba\u011fl\u0131 b\u00fct\u00fcn detallar\u0131 \u00f6yr\u0259nm\u0259k \u00fc\u00e7\u00fcn Gizlilik Siyas\u0259timizi oxuyun.\",\"breadcrumb\":{\"@id\":\"https:\\\/\\\/www.firstep.az\\\/privacy-policy\\\/#breadcrumb\"},\"inLanguage\":\"ar\",\"potentialAction\":[{\"@type\":\"ReadAction\",\"target\":[\"https:\\\/\\\/www.firstep.az\\\/privacy-policy\\\/\"]}]},{\"@type\":\"BreadcrumbList\",\"@id\":\"https:\\\/\\\/www.firstep.az\\\/privacy-policy\\\/#breadcrumb\",\"itemListElement\":[{\"@type\":\"ListItem\",\"position\":1,\"name\":\"Home\",\"item\":\"https:\\\/\\\/www.firstep.az\\\/\"},{\"@type\":\"ListItem\",\"position\":2,\"name\":\"Gizlilik Siyas\u0259ti\"}]},{\"@type\":\"WebSite\",\"@id\":\"https:\\\/\\\/www.firstep.az\\\/#website\",\"url\":\"https:\\\/\\\/www.firstep.az\\\/\",\"name\":\"First Step Turizm\",\"description\":\"\u0130lk add\u0131mlar\u0131n\u0131 at\",\"publisher\":{\"@id\":\"https:\\\/\\\/www.firstep.az\\\/#organization\"},\"potentialAction\":[{\"@type\":\"SearchAction\",\"target\":{\"@type\":\"EntryPoint\",\"urlTemplate\":\"https:\\\/\\\/www.firstep.az\\\/?s={search_term_string}\"},\"query-input\":{\"@type\":\"PropertyValueSpecification\",\"valueRequired\":true,\"valueName\":\"search_term_string\"}}],\"inLanguage\":\"ar\"},{\"@type\":\"Organization\",\"@id\":\"https:\\\/\\\/www.firstep.az\\\/#organization\",\"name\":\"First Step Turizm\",\"url\":\"https:\\\/\\\/www.firstep.az\\\/\",\"logo\":{\"@type\":\"ImageObject\",\"inLanguage\":\"ar\",\"@id\":\"https:\\\/\\\/www.firstep.az\\\/#\\\/schema\\\/logo\\\/image\\\/\",\"url\":\"https:\\\/\\\/www.firstep.az\\\/wp-content\\\/uploads\\\/2024\\\/07\\\/fav-rm.png\",\"contentUrl\":\"https:\\\/\\\/www.firstep.az\\\/wp-content\\\/uploads\\\/2024\\\/07\\\/fav-rm.png\",\"width\":500,\"height\":500,\"caption\":\"First Step Turizm\"},\"image\":{\"@id\":\"https:\\\/\\\/www.firstep.az\\\/#\\\/schema\\\/logo\\\/image\\\/\"},\"sameAs\":[\"https:\\\/\\\/www.facebook.com\\\/firsteptourism\\\/\",\"https:\\\/\\\/x.com\\\/firsteptourism\",\"https:\\\/\\\/www.instagram.com\\\/firsteptourism\\\/\",\"https:\\\/\\\/www.linkedin.com\\\/company\\\/firsteptourism\"],\"email\":\"salam@firstep.az\",\"telephone\":\"+994555502470\",\"legalName\":\"First Step Tourism LLC\",\"foundingDate\":\"2019-12-24\",\"numberOfEmployees\":{\"@type\":\"QuantitativeValue\",\"minValue\":\"1\",\"maxValue\":\"10\"}}]}<\/script>\n<!-- \/ Yoast SEO Premium plugin. -->","yoast_head_json":{"title":"Gizlilik Siyas\u0259ti - First Step Turizm","description":"\u015e\u0259xsi m\u0259lumatlar\u0131n\u0131z\u0131n toplanmas\u0131, istifad\u0259si v\u0259 qorunmas\u0131 il\u0259 ba\u011fl\u0131 b\u00fct\u00fcn detallar\u0131 \u00f6yr\u0259nm\u0259k \u00fc\u00e7\u00fcn Gizlilik Siyas\u0259timizi oxuyun.","robots":{"index":"index","follow":"follow","max-snippet":"max-snippet:-1","max-image-preview":"max-image-preview:large","max-video-preview":"max-video-preview:-1"},"canonical":"https:\/\/www.firstep.az\/ar\/privacy-policy\/","og_locale":"ar_AR","og_type":"article","og_title":"Gizlilik Siyas\u0259ti","og_description":"\u015e\u0259xsi m\u0259lumatlar\u0131n\u0131z\u0131n toplanmas\u0131, istifad\u0259si v\u0259 qorunmas\u0131 il\u0259 ba\u011fl\u0131 b\u00fct\u00fcn detallar\u0131 \u00f6yr\u0259nm\u0259k \u00fc\u00e7\u00fcn Gizlilik Siyas\u0259timizi oxuyun.","og_url":"https:\/\/www.firstep.az\/ar\/privacy-policy\/","og_site_name":"First Step Turizm","article_publisher":"https:\/\/www.facebook.com\/firsteptourism\/","article_modified_time":"2024-11-30T20:49:39+00:00","og_image":[{"width":396,"height":96,"url":"https:\/\/www.firstep.az\/wp-content\/uploads\/2024\/07\/logo-colorized.png","type":"image\/png"}],"twitter_card":"summary_large_image","twitter_site":"@firsteptourism","twitter_misc":{"\u0648\u0642\u062a \u0627\u0644\u0642\u0631\u0627\u0621\u0629 \u0627\u0644\u0645\u064f\u0642\u062f\u0651\u0631":"\u062f\u0642\u064a\u0642\u0629 \u0648\u0627\u062d\u062f\u0629"},"schema":{"@context":"https:\/\/schema.org","@graph":[{"@type":"WebPage","@id":"https:\/\/www.firstep.az\/privacy-policy\/","url":"https:\/\/www.firstep.az\/privacy-policy\/","name":"Gizlilik Siyas\u0259ti - First Step Turizm","isPartOf":{"@id":"https:\/\/www.firstep.az\/#website"},"datePublished":"2022-12-24T22:05:05+00:00","dateModified":"2024-11-30T20:49:39+00:00","description":"\u015e\u0259xsi m\u0259lumatlar\u0131n\u0131z\u0131n toplanmas\u0131, istifad\u0259si v\u0259 qorunmas\u0131 il\u0259 ba\u011fl\u0131 b\u00fct\u00fcn detallar\u0131 \u00f6yr\u0259nm\u0259k \u00fc\u00e7\u00fcn Gizlilik Siyas\u0259timizi oxuyun.","breadcrumb":{"@id":"https:\/\/www.firstep.az\/privacy-policy\/#breadcrumb"},"inLanguage":"ar","potentialAction":[{"@type":"ReadAction","target":["https:\/\/www.firstep.az\/privacy-policy\/"]}]},{"@type":"BreadcrumbList","@id":"https:\/\/www.firstep.az\/privacy-policy\/#breadcrumb","itemListElement":[{"@type":"ListItem","position":1,"name":"Home","item":"https:\/\/www.firstep.az\/"},{"@type":"ListItem","position":2,"name":"Gizlilik Siyas\u0259ti"}]},{"@type":"WebSite","@id":"https:\/\/www.firstep.az\/#website","url":"https:\/\/www.firstep.az\/","name":"\u0627\u0644\u062e\u0637\u0648\u0629 \u0627\u0644\u0623\u0648\u0644\u0649 \u0644\u0644\u0633\u064a\u0627\u062d\u0629","description":"\u0627\u062a\u062e\u0630 \u062e\u0637\u0648\u0627\u062a\u0643 \u0627\u0644\u0623\u0648\u0644\u0649","publisher":{"@id":"https:\/\/www.firstep.az\/#organization"},"potentialAction":[{"@type":"SearchAction","target":{"@type":"EntryPoint","urlTemplate":"https:\/\/www.firstep.az\/?s={search_term_string}"},"query-input":{"@type":"PropertyValueSpecification","valueRequired":true,"valueName":"search_term_string"}}],"inLanguage":"ar"},{"@type":"Organization","@id":"https:\/\/www.firstep.az\/#organization","name":"\u0627\u0644\u062e\u0637\u0648\u0629 \u0627\u0644\u0623\u0648\u0644\u0649 \u0644\u0644\u0633\u064a\u0627\u062d\u0629","url":"https:\/\/www.firstep.az\/","logo":{"@type":"ImageObject","inLanguage":"ar","@id":"https:\/\/www.firstep.az\/#\/schema\/logo\/image\/","url":"https:\/\/www.firstep.az\/wp-content\/uploads\/2024\/07\/fav-rm.png","contentUrl":"https:\/\/www.firstep.az\/wp-content\/uploads\/2024\/07\/fav-rm.png","width":500,"height":500,"caption":"First Step Turizm"},"image":{"@id":"https:\/\/www.firstep.az\/#\/schema\/logo\/image\/"},"sameAs":["https:\/\/www.facebook.com\/firsteptourism\/","https:\/\/x.com\/firsteptourism","https:\/\/www.instagram.com\/firsteptourism\/","https:\/\/www.linkedin.com\/company\/firsteptourism"],"email":"salam@firstep.az","telephone":"+994555502470","legalName":"First Step Tourism LLC","foundingDate":"2019-12-24","numberOfEmployees":{"@type":"QuantitativeValue","minValue":"1","maxValue":"10"}}]}},"_links":{"self":[{"href":"https:\/\/www.firstep.az\/ar\/wp-json\/wp\/v2\/pages\/617","targetHints":{"allow":["GET"]}}],"collection":[{"href":"https:\/\/www.firstep.az\/ar\/wp-json\/wp\/v2\/pages"}],"about":[{"href":"https:\/\/www.firstep.az\/ar\/wp-json\/wp\/v2\/types\/page"}],"author":[{"embeddable":true,"href":"https:\/\/www.firstep.az\/ar\/wp-json\/wp\/v2\/users\/1"}],"replies":[{"embeddable":true,"href":"https:\/\/www.firstep.az\/ar\/wp-json\/wp\/v2\/comments?post=617"}],"version-history":[{"count":9,"href":"https:\/\/www.firstep.az\/ar\/wp-json\/wp\/v2\/pages\/617\/revisions"}],"predecessor-version":[{"id":10019,"href":"https:\/\/www.firstep.az\/ar\/wp-json\/wp\/v2\/pages\/617\/revisions\/10019"}],"wp:attachment":[{"href":"https:\/\/www.firstep.az\/ar\/wp-json\/wp\/v2\/media?parent=617"}],"curies":[{"name":"wp","href":"https:\/\/api.w.org\/{rel}","templated":true}]}}